{"id":421,"date":"2025-02-05T15:29:48","date_gmt":"2025-02-05T18:29:48","guid":{"rendered":"https:\/\/ibpteo.com.br\/?page_id=421"},"modified":"2025-02-17T15:02:19","modified_gmt":"2025-02-17T18:02:19","slug":"ciclo-ii","status":"publish","type":"page","link":"https:\/\/ibpteo.com.br\/index.php\/ciclo-ii\/","title":{"rendered":"Ciclo-II"},"content":{"rendered":"\t\t<div data-elementor-type=\"wp-page\" data-elementor-id=\"421\" class=\"elementor elementor-421\">\n\t\t\t\t\t\t<section class=\"elementor-section elementor-top-section elementor-element elementor-element-3566aec elementor-section-boxed elementor-section-height-default elementor-section-height-default\" data-id=\"3566aec\" data-element_type=\"section\">\n\t\t\t\t\t\t<div class=\"elementor-container elementor-column-gap-default\">\n\t\t\t\t\t<div class=\"elementor-column elementor-col-100 elementor-top-column elementor-element elementor-element-9085fb2\" data-id=\"9085fb2\" data-element_type=\"column\">\n\t\t\t<div class=\"elementor-widget-wrap elementor-element-populated\">\n\t\t\t\t\t\t<div class=\"elementor-element elementor-element-634ab78 elementor-widget-divider--view-line elementor-widget elementor-widget-divider\" data-id=\"634ab78\" data-element_type=\"widget\" data-widget_type=\"divider.default\">\n\t\t\t\t<div class=\"elementor-widget-container\">\n\t\t\t\t\t\t\t<div class=\"elementor-divider\">\n\t\t\t<span class=\"elementor-divider-separator\">\n\t\t\t\t\t\t<\/span>\n\t\t<\/div>\n\t\t\t\t\t\t<\/div>\n\t\t\t\t<\/div>\n\t\t\t\t\t<\/div>\n\t\t<\/div>\n\t\t\t\t\t<\/div>\n\t\t<\/section>\n\t\t\t\t<section class=\"elementor-section elementor-top-section elementor-element elementor-element-e49d726 elementor-section-boxed elementor-section-height-default elementor-section-height-default\" data-id=\"e49d726\" data-element_type=\"section\">\n\t\t\t\t\t\t<div class=\"elementor-container elementor-column-gap-default\">\n\t\t\t\t\t<div class=\"elementor-column elementor-col-100 elementor-top-column elementor-element elementor-element-ef0fd26\" data-id=\"ef0fd26\" data-element_type=\"column\" data-settings=\"{&quot;background_background&quot;:&quot;gradient&quot;}\">\n\t\t\t<div class=\"elementor-widget-wrap elementor-element-populated\">\n\t\t\t\t\t\t<div class=\"elementor-element elementor-element-330d823 elementor-widget elementor-widget-image\" data-id=\"330d823\" data-element_type=\"widget\" data-widget_type=\"image.default\">\n\t\t\t\t<div class=\"elementor-widget-container\">\n\t\t\t\t\t\t\t\t\t\t\t\t\t\t\t<img fetchpriority=\"high\" decoding=\"async\" width=\"326\" height=\"300\" src=\"https:\/\/ibpteo.com.br\/wp-content\/uploads\/2025\/01\/CICLO2.png\" class=\"attachment-large size-large wp-image-242\" alt=\"\" srcset=\"https:\/\/ibpteo.com.br\/wp-content\/uploads\/2025\/01\/CICLO2.png 326w, https:\/\/ibpteo.com.br\/wp-content\/uploads\/2025\/01\/CICLO2-300x276.png 300w\" sizes=\"(max-width: 326px) 100vw, 326px\" \/>\t\t\t\t\t\t\t\t\t\t\t\t\t\t\t<\/div>\n\t\t\t\t<\/div>\n\t\t\t\t<div class=\"elementor-element elementor-element-5b80b6a elementor-view-default elementor-widget elementor-widget-icon\" data-id=\"5b80b6a\" data-element_type=\"widget\" data-widget_type=\"icon.default\">\n\t\t\t\t<div class=\"elementor-widget-container\">\n\t\t\t\t\t\t\t<div class=\"elementor-icon-wrapper\">\n\t\t\t<div class=\"elementor-icon\">\n\t\t\t<i aria-hidden=\"true\" class=\"fas fa-book-reader\"><\/i>\t\t\t<\/div>\n\t\t<\/div>\n\t\t\t\t\t\t<\/div>\n\t\t\t\t<\/div>\n\t\t\t\t<div class=\"elementor-element elementor-element-0368456 elementor-widget elementor-widget-heading\" data-id=\"0368456\" data-element_type=\"widget\" data-widget_type=\"heading.default\">\n\t\t\t\t<div class=\"elementor-widget-container\">\n\t\t\t\t\t<h2 class=\"elementor-heading-title elementor-size-default\">CICLO II<\/h2>\t\t\t\t<\/div>\n\t\t\t\t<\/div>\n\t\t\t\t<div class=\"elementor-element elementor-element-efe6916 elementor-widget elementor-widget-text-editor\" data-id=\"efe6916\" data-element_type=\"widget\" data-widget_type=\"text-editor.default\">\n\t\t\t\t<div class=\"elementor-widget-container\">\n\t\t\t\t\t\t\t\t\t<h6>Curso M\u00e9dio &#8211; Dura\u00e7\u00e3o de 2 anos<\/h6>\t\t\t\t\t\t\t\t<\/div>\n\t\t\t\t<\/div>\n\t\t\t\t<div class=\"elementor-element elementor-element-f9c21a2 elementor-widget__width-initial elementor-widget elementor-widget-text-editor\" data-id=\"f9c21a2\" data-element_type=\"widget\" data-widget_type=\"text-editor.default\">\n\t\t\t\t<div class=\"elementor-widget-container\">\n\t\t\t\t\t\t\t\t\t<table width=\"953\"><tbody><tr><td width=\"953\"><p>Ementa do Ciclo II<\/p><\/td><\/tr><\/tbody><\/table><table><tbody><tr><td width=\"73\"><p>17<\/p><\/td><td width=\"93\"><p>\u00a0<\/p><\/td><td width=\"197\"><p>ANTIGO TESTAMENTO I<\/p><\/td><td width=\"591\"><p>O Antigo Testamento I pretende oportunizar um conhecimento anal\u00edtico e cr\u00edtico, capacitando o aluno a compet\u00eancia de pesquisar, interpretar e compreender o Antigo Testamento de forma panor\u00e2mica, linear e reflexiva. Oferecer ao aluno conhecimento, recursos e ferramentas introdut\u00f3rias para o estudo do Pentateuco.<\/p><\/td><\/tr><tr><td width=\"73\"><p>18<\/p><\/td><td width=\"93\"><p>\u00a0<\/p><\/td><td width=\"197\"><p>ANTIGO TESTAMENTO II<\/p><\/td><td width=\"591\"><p>O Antigo Testamento II pretende oportunizar um conhecimento anal\u00edtico e cr\u00edtico, capacitando o aluno a compet\u00eancia de pesquisar, interpretar e compreender o Antigo Testamento de forma panor\u00e2mica, linear e reflexiva. Oferecer ao aluno conhecimento, recursos e ferramentas introdut\u00f3rias para os estudos dos Livros Hist\u00f3ricos e Po\u00e9ticos.<\/p><\/td><\/tr><tr><td width=\"73\"><p>19<\/p><\/td><td width=\"93\"><p>\u00a0<\/p><\/td><td width=\"197\"><p>NOVO TESTAMENTO I<\/p><\/td><td width=\"591\"><p>O Novo Testamento II pretende oportunizar um conhecimento anal\u00edtico e cr\u00edtico, capacitando o aluno a compet\u00eancia de pesquisar, interpretar e compreender o Novo Testamento de forma panor\u00e2mica, linear e reflexiva. Oferecer ao aluno conhecimento, recursos e ferramentas introdut\u00f3rias para os estudos dos Evangelhos Sin\u00f3ticos, de Jo\u00e3o e o Livro dos Atos dos Ap\u00f3stolos.<\/p><\/td><\/tr><tr><td width=\"73\"><p>20<\/p><\/td><td width=\"93\"><p>\u00a0<\/p><\/td><td width=\"197\"><p>TEOLOGIA B\u00cdBLICA DO ANTIGO TESTAMENTO<\/p><\/td><td width=\"591\"><p>Estudo do Antigo Testamento. Busca entender a hist\u00f3ria do povo de Deus, dando aten\u00e7\u00e3o especial aos poderosos atos de Deus e \u00e0s palavras prof\u00e9ticas do Senhor acerca desses atos. Aborda a sequ\u00eancia e o significado das experi\u00eancias deste povo. Examinando o relacionamento deles com Deus, bem como seus sucessos e fracassos.<\/p><\/td><\/tr><tr><td width=\"73\"><p>21<\/p><\/td><td width=\"93\"><p>\u00a0<\/p><\/td><td width=\"197\"><p>TEOLOGIA B\u00cdBLICA DO NOVO TESTAMENTO<\/p><\/td><td width=\"591\"><p>A Teologia do Novo Testamento \u00e9 de grande aux\u00edlio para o estudante da B\u00edblia entender o surgimento e desenvolvimento das doutrinas que marcaram a f\u00e9 crist\u00e3, pois v\u00e1rias delas foram aceitas ap\u00f3s acurado estudo e depois de s\u00e3 exame doutrin\u00e1rio, para melhor entendimento da Teologia Sistem\u00e1tica e da Teologia Contempor\u00e2nea.<\/p><\/td><\/tr><tr><td width=\"73\"><p>22<\/p><\/td><td width=\"93\"><p>\u00a0<\/p><\/td><td width=\"197\"><p>TEOLOGIA SISTEM\u00c1TICA I<\/p><\/td><td width=\"591\"><p>An\u00e1lise b\u00edblica que permiti ao aluno interagir com os conte\u00fados como fonte de saber e entender a profundidade de uma forma\u00e7\u00e3o teol\u00f3gica e sua contribui\u00e7\u00e3o da Doutrina da Palavra de Deus, Doutrina de Deus e a Doutrina do Homem.<\/p><\/td><\/tr><tr><td width=\"73\"><p>23<\/p><\/td><td width=\"93\"><p>\u00a0<\/p><\/td><td width=\"197\"><p>TEOLEGIA SISTEM\u00c1TICA II<\/p><\/td><td width=\"591\"><p>An\u00e1lise b\u00edblica que permiti ao aluno interagir com os conte\u00fados como fonte de saber e entender a profundidade de uma forma\u00e7\u00e3o teol\u00f3gica e sua contribui\u00e7\u00e3o da Doutrina de Cristo, a Soteriologia e a Harmatiologia.<\/p><\/td><\/tr><tr><td width=\"73\"><p>24<\/p><\/td><td width=\"93\"><p>\u00a0<\/p><\/td><td width=\"197\"><p>CULTURA B\u00cdBLICA<\/p><\/td><td width=\"591\"><p>Abordagem de seus conceitos centrais e alguns de seus temas, propondo estabelecer um di\u00e1logo com as \u00e1reas de Teologia quanto as pr\u00e1ticas e forma\u00e7\u00e3o sociocultural dos povos e na\u00e7\u00f5es no contexto b\u00edblico<\/p><\/td><\/tr><tr><td width=\"73\"><p>25<\/p><\/td><td width=\"93\"><p>\u00a0<\/p><\/td><td width=\"197\"><p>MISSIOLOGIA<\/p><\/td><td width=\"591\"><p>Miss\u00f5es transculturais hoje: sua vis\u00e3o pessoal da obra mission\u00e1ria, tend\u00eancia mission\u00e1ria; A miss\u00e3o de Deus ao mundo: eternidade, tempo e miss\u00f5es, miss\u00f5es e a gl\u00f3ria de Deus, nossa participa\u00e7\u00e3o em miss\u00f5es, incluindo a conceitua\u00e7\u00e3o de missiologia; de miss\u00f5es de Deus nas Escrituras; a igreja e miss\u00f5es; enfoque hist\u00f3rico das miss\u00f5es; caracter\u00edsticas do mission\u00e1rio; vis\u00e3o antropol\u00f3gica de miss\u00f5es e as implica\u00e7\u00f5es transculturais no s\u00e9culo XXI.<\/p><\/td><\/tr><tr><td width=\"73\"><p>26<\/p><\/td><td width=\"93\"><p>\u00a0<\/p><\/td><td width=\"197\"><p>\u00c9TICA E BIO\u00c9TICA<\/p><\/td><td width=\"591\"><p>Abordagem introdut\u00f3ria ao estudo da \u00e9tica e da bio\u00e9tica. O conte\u00fado apresenta uma vis\u00e3o global desta ci\u00eancia, tendo como princ\u00edpio a revela\u00e7\u00e3o b\u00edblica, fundamentando os princ\u00edpios para a conduta de toda a humanidade crist\u00e3. Verifica\u00e7\u00e3o introdut\u00f3ria ao Estudo da \u00c9tica; a \u00e9tica na hist\u00f3ria do Pensamento Ocidental, \u00c9tica crist\u00e3, B\u00edblia e Igreja; As abordagem \u00e9ticas e a bio\u00e9tica.<\/p><\/td><\/tr><tr><td width=\"73\"><p>27<\/p><\/td><td width=\"93\"><p>\u00a0<\/p><\/td><td width=\"197\"><p>HIST\u00d3RIA DE ISRAEL<\/p><\/td><td width=\"591\"><p>Analisar e estudar a Hist\u00f3ria de Israel at\u00e9 o Per\u00edodo Intertestament\u00e1rio sob a \u00f3tica b\u00edblica, partindo do pressuposto que o ser humano \u00e9 um ser inerentemente e intrinsecamente religioso. Com aux\u00edlio das regras de intepreta\u00e7\u00e3o cria\u00e7\u00e3o-queda-reden\u00e7\u00e3o, verificando os aspectos pol\u00edticos, culturais, sociais, econ\u00f4micos, antropol\u00f3gicos e sociol\u00f3gicos como dimens\u00e3o e consequ\u00eancias deste ethos religioso na forma\u00e7\u00e3o deste povo e a sua contribui\u00e7\u00e3o na hist\u00f3ria da salva\u00e7\u00e3o. Verificando os v\u00e1rios per\u00edodos de forma\u00e7\u00e3o, desenvolvimento e decad\u00eancia da na\u00e7\u00e3o judaica a partir do pensamento aut\u00f4nomo e pensamento religioso-n\u00e3o-religioso<\/p><\/td><\/tr><tr><td width=\"73\"><p>28<\/p><\/td><td width=\"93\"><p>\u00a0<\/p><\/td><td width=\"197\"><p>TEOLOGIA PASTORAL<\/p><\/td><td width=\"591\"><p>Estudo de uma Teologia B\u00edblica Pastoral, com a proposta de compreender as rela\u00e7\u00f5es entre a an\u00e1lise da Teologia Pastoral e sua Pr\u00e1tica Pastoral, de forma a motivar uma reflex\u00e3o teol\u00f3gica embasada a partir de uma tradi\u00e7\u00e3o reformada e evang\u00e9lica e sua import\u00e2ncia na realidade social e comprometida com a mudan\u00e7a dessa realidade, tendo em vista A chamada e o Preparo do Obreiro; O Minist\u00e9rio e o Minist\u00e9rio (perigos e problemas); O Ministro, o Culto e a sua Mensagem e a \u00c9tica Pastoral.<\/p><\/td><\/tr><tr><td width=\"73\"><p>29<\/p><\/td><td width=\"93\"><p>\u00a0<\/p><\/td><td width=\"197\"><p>INTRODU\u00c7\u00c3O AS LINGUAS<\/p><\/td><td width=\"591\"><p>\u00a0<\/p><\/td><\/tr><tr><td width=\"73\"><p>30<\/p><\/td><td width=\"93\"><p>\u00a0<\/p><\/td><td width=\"197\"><p>PSICOLOGIA PASTORAL<\/p><\/td><td width=\"591\"><p>Proporcionar a capacita\u00e7\u00e3o ministerial fundamentada na inteira\u00e7\u00e3o dos conhecimentos das ci\u00eancias humanas, com destaque a sua dimens\u00e3o te\u00f3rica a vista das quest\u00f5es advindas das press\u00f5es da vida moderna, verificando os conceitos da psicologia secular e pastoral, o aconselhamento pastoral e o conselheiro e as raz\u00f5es que levam as pessoas a procurarem o aconselhamento espiritual.<\/p><\/td><\/tr><tr><td width=\"73\"><p>31<\/p><\/td><td width=\"93\"><p>\u00a0<\/p><\/td><td width=\"197\"><p>PSICOLOGIA GERAL<\/p><\/td><td width=\"591\"><p>Situar a Psicologia no contexto hist\u00f3rico, das ci\u00eancias humanas e sociais, a disciplina visa \u00e0 cr\u00edtica dos fundamentos ontol\u00f3gicos e epistemol\u00f3gicos da Psicologia, identificando o &#8220;corpus&#8221; te\u00f3rico-metodol\u00f3gico das principais abordagens psicol\u00f3gicas concernente aos processos ps\u00edquicos b\u00e1sicos e seus reflexos no comportamento humano, \u00e0 luz da representa\u00e7\u00e3o indiv\u00edduo-sociedade. Conceitos gerais; A Psicologia Hoje; As Fun\u00e7\u00f5es Psicol\u00f3gicas da Personalidade Humana e a Vis\u00e3o Hol\u00edstica; Os Grandes Temas da Psicologia.<\/p><\/td><\/tr><tr><td width=\"73\"><p>32<\/p><\/td><td width=\"93\"><p>\u00a0<\/p><\/td><td width=\"197\"><p>SISTEMATIZANDO ESTUDO<\/p><\/td><td width=\"591\"><p>O principal objetivo dessa disciplina \u00e9 desenvolver com o aluno a habilidade da interpreta\u00e7\u00e3o do texto b\u00edblico mediante a obedi\u00eancia aos fundamentos e princ\u00edpios de interpreta\u00e7\u00e3o adequada. A disciplina deve contribuir para uma ministra\u00e7\u00e3o mais exata e respons\u00e1vel da Palavra de Deus. O conte\u00fado dessa disciplina inclui: estudo dos m\u00e9todos de aplica\u00e7\u00e3o do texto para os dias atuais de nossa gera\u00e7\u00e3o e cultura; e discernimento das diversas posi\u00e7\u00f5es hermen\u00eauticas na atualidade, e o que faz delas leg\u00edtimas ou n\u00e3o. Na Hermen\u00eautica II o aluno ser\u00e1 introduzido no campo da Hermen\u00eautica especial.<\/p><\/td><\/tr><\/tbody><\/table>\t\t\t\t\t\t\t\t<\/div>\n\t\t\t\t<\/div>\n\t\t\t\t\t<\/div>\n\t\t<\/div>\n\t\t\t\t\t<\/div>\n\t\t<\/section>\n\t\t\t\t<section class=\"elementor-section elementor-top-section elementor-element elementor-element-3bea1db elementor-section-boxed elementor-section-height-default elementor-section-height-default\" data-id=\"3bea1db\" data-element_type=\"section\">\n\t\t\t\t\t\t<div class=\"elementor-container elementor-column-gap-default\">\n\t\t\t\t\t<div class=\"elementor-column elementor-col-100 elementor-top-column elementor-element elementor-element-53d9a02\" data-id=\"53d9a02\" data-element_type=\"column\">\n\t\t\t<div class=\"elementor-widget-wrap\">\n\t\t\t\t\t\t\t<\/div>\n\t\t<\/div>\n\t\t\t\t\t<\/div>\n\t\t<\/section>\n\t\t\t\t<section class=\"elementor-section elementor-top-section elementor-element elementor-element-7b63056 elementor-section-boxed elementor-section-height-default elementor-section-height-default\" data-id=\"7b63056\" data-element_type=\"section\">\n\t\t\t\t\t\t<div class=\"elementor-container elementor-column-gap-default\">\n\t\t\t\t\t<div class=\"elementor-column elementor-col-100 elementor-top-column elementor-element elementor-element-763db1d\" data-id=\"763db1d\" data-element_type=\"column\" data-settings=\"{&quot;background_background&quot;:&quot;classic&quot;}\">\n\t\t\t<div class=\"elementor-widget-wrap elementor-element-populated\">\n\t\t\t\t\t\t<div class=\"elementor-element elementor-element-aca84f2 elementor-widget elementor-widget-heading\" data-id=\"aca84f2\" data-element_type=\"widget\" data-widget_type=\"heading.default\">\n\t\t\t\t<div class=\"elementor-widget-container\">\n\t\t\t\t\t<h2 class=\"elementor-heading-title elementor-size-default\">Clique abaixo e confira outros crusos<\/h2>\t\t\t\t<\/div>\n\t\t\t\t<\/div>\n\t\t\t\t\t<\/div>\n\t\t<\/div>\n\t\t\t\t\t<\/div>\n\t\t<\/section>\n\t\t\t\t<section class=\"elementor-section elementor-top-section elementor-element elementor-element-3294f2c3 elementor-section-boxed elementor-section-height-default elementor-section-height-default\" data-id=\"3294f2c3\" data-element_type=\"section\">\n\t\t\t\t\t\t<div class=\"elementor-container elementor-column-gap-default\">\n\t\t\t\t\t<div class=\"elementor-column elementor-col-25 elementor-top-column elementor-element elementor-element-79dff695\" data-id=\"79dff695\" data-element_type=\"column\" data-settings=\"{&quot;background_background&quot;:&quot;gradient&quot;}\">\n\t\t\t<div class=\"elementor-widget-wrap elementor-element-populated\">\n\t\t\t\t\t\t<div class=\"elementor-element elementor-element-3e468f4b elementor-view-default elementor-widget elementor-widget-icon\" data-id=\"3e468f4b\" data-element_type=\"widget\" data-widget_type=\"icon.default\">\n\t\t\t\t<div class=\"elementor-widget-container\">\n\t\t\t\t\t\t\t<div class=\"elementor-icon-wrapper\">\n\t\t\t<div class=\"elementor-icon\">\n\t\t\t<i aria-hidden=\"true\" class=\"fas fa-book-reader\"><\/i>\t\t\t<\/div>\n\t\t<\/div>\n\t\t\t\t\t\t<\/div>\n\t\t\t\t<\/div>\n\t\t\t\t<div class=\"elementor-element elementor-element-6944ad33 elementor-widget elementor-widget-heading\" data-id=\"6944ad33\" data-element_type=\"widget\" data-widget_type=\"heading.default\">\n\t\t\t\t<div class=\"elementor-widget-container\">\n\t\t\t\t\t<h2 class=\"elementor-heading-title elementor-size-default\">CICLO I<\/h2>\t\t\t\t<\/div>\n\t\t\t\t<\/div>\n\t\t\t\t<div class=\"elementor-element elementor-element-3dfb8a05 elementor-widget elementor-widget-text-editor\" data-id=\"3dfb8a05\" data-element_type=\"widget\" data-widget_type=\"text-editor.default\">\n\t\t\t\t<div class=\"elementor-widget-container\">\n\t\t\t\t\t\t\t\t\t<p>Curso B\u00e1sico<\/p><p>Dura\u00e7\u00e3o de 2 anos<\/p>\t\t\t\t\t\t\t\t<\/div>\n\t\t\t\t<\/div>\n\t\t\t\t<div class=\"elementor-element elementor-element-2071050 elementor-align-center elementor-invisible elementor-widget elementor-widget-button\" data-id=\"2071050\" data-element_type=\"widget\" data-settings=\"{&quot;_animation&quot;:&quot;fadeIn&quot;}\" data-widget_type=\"button.default\">\n\t\t\t\t<div class=\"elementor-widget-container\">\n\t\t\t\t\t\t\t\t\t<div class=\"elementor-button-wrapper\">\n\t\t\t\t\t<a class=\"elementor-button elementor-button-link elementor-size-sm\" href=\"https:\/\/ibpteo.com.br\/index.php\/ciclo-i\/\">\n\t\t\t\t\t\t<span class=\"elementor-button-content-wrapper\">\n\t\t\t\t\t\t\t\t\t<span class=\"elementor-button-text\">Clique<\/span>\n\t\t\t\t\t<\/span>\n\t\t\t\t\t<\/a>\n\t\t\t\t<\/div>\n\t\t\t\t\t\t\t\t<\/div>\n\t\t\t\t<\/div>\n\t\t\t\t\t<\/div>\n\t\t<\/div>\n\t\t\t\t<div class=\"elementor-column elementor-col-25 elementor-top-column elementor-element elementor-element-679c757c\" data-id=\"679c757c\" data-element_type=\"column\" data-settings=\"{&quot;background_background&quot;:&quot;gradient&quot;}\">\n\t\t\t<div class=\"elementor-widget-wrap elementor-element-populated\">\n\t\t\t\t\t\t<div class=\"elementor-element elementor-element-6e07c5f5 elementor-view-default elementor-widget elementor-widget-icon\" data-id=\"6e07c5f5\" data-element_type=\"widget\" data-widget_type=\"icon.default\">\n\t\t\t\t<div class=\"elementor-widget-container\">\n\t\t\t\t\t\t\t<div class=\"elementor-icon-wrapper\">\n\t\t\t<div class=\"elementor-icon\">\n\t\t\t<i aria-hidden=\"true\" class=\"fas fa-book-reader\"><\/i>\t\t\t<\/div>\n\t\t<\/div>\n\t\t\t\t\t\t<\/div>\n\t\t\t\t<\/div>\n\t\t\t\t<div class=\"elementor-element elementor-element-34399c9 elementor-widget elementor-widget-heading\" data-id=\"34399c9\" data-element_type=\"widget\" data-widget_type=\"heading.default\">\n\t\t\t\t<div class=\"elementor-widget-container\">\n\t\t\t\t\t<h2 class=\"elementor-heading-title elementor-size-default\">CICLO III<\/h2>\t\t\t\t<\/div>\n\t\t\t\t<\/div>\n\t\t\t\t<div class=\"elementor-element elementor-element-6dff17f8 elementor-widget elementor-widget-text-editor\" data-id=\"6dff17f8\" data-element_type=\"widget\" data-widget_type=\"text-editor.default\">\n\t\t\t\t<div class=\"elementor-widget-container\">\n\t\t\t\t\t\t\t\t\t<p>Curso Avan\u00e7ado<\/p><p>Dura\u00e7\u00e3o de 2 anos<\/p>\t\t\t\t\t\t\t\t<\/div>\n\t\t\t\t<\/div>\n\t\t\t\t<div class=\"elementor-element elementor-element-6f4060cf elementor-align-center elementor-invisible elementor-widget elementor-widget-button\" data-id=\"6f4060cf\" data-element_type=\"widget\" data-settings=\"{&quot;_animation&quot;:&quot;fadeIn&quot;}\" data-widget_type=\"button.default\">\n\t\t\t\t<div class=\"elementor-widget-container\">\n\t\t\t\t\t\t\t\t\t<div class=\"elementor-button-wrapper\">\n\t\t\t\t\t<a class=\"elementor-button elementor-button-link elementor-size-sm\" href=\"https:\/\/ibpteo.com.br\/index.php\/ciclo-iii\">\n\t\t\t\t\t\t<span class=\"elementor-button-content-wrapper\">\n\t\t\t\t\t\t\t\t\t<span class=\"elementor-button-text\">Clique<\/span>\n\t\t\t\t\t<\/span>\n\t\t\t\t\t<\/a>\n\t\t\t\t<\/div>\n\t\t\t\t\t\t\t\t<\/div>\n\t\t\t\t<\/div>\n\t\t\t\t\t<\/div>\n\t\t<\/div>\n\t\t\t\t<div class=\"elementor-column elementor-col-25 elementor-top-column elementor-element elementor-element-1e2463a1\" data-id=\"1e2463a1\" data-element_type=\"column\" data-settings=\"{&quot;background_background&quot;:&quot;gradient&quot;}\">\n\t\t\t<div class=\"elementor-widget-wrap elementor-element-populated\">\n\t\t\t\t\t\t<div class=\"elementor-element elementor-element-568c89e9 elementor-view-default elementor-widget elementor-widget-icon\" data-id=\"568c89e9\" data-element_type=\"widget\" data-widget_type=\"icon.default\">\n\t\t\t\t<div class=\"elementor-widget-container\">\n\t\t\t\t\t\t\t<div class=\"elementor-icon-wrapper\">\n\t\t\t<div class=\"elementor-icon\">\n\t\t\t<i aria-hidden=\"true\" class=\"fas fa-book-reader\"><\/i>\t\t\t<\/div>\n\t\t<\/div>\n\t\t\t\t\t\t<\/div>\n\t\t\t\t<\/div>\n\t\t\t\t<div class=\"elementor-element elementor-element-47d1be85 elementor-widget elementor-widget-heading\" data-id=\"47d1be85\" data-element_type=\"widget\" data-widget_type=\"heading.default\">\n\t\t\t\t<div class=\"elementor-widget-container\">\n\t\t\t\t\t<h2 class=\"elementor-heading-title elementor-size-default\">CFO<\/h2>\t\t\t\t<\/div>\n\t\t\t\t<\/div>\n\t\t\t\t<div class=\"elementor-element elementor-element-4c10e258 elementor-widget elementor-widget-text-editor\" data-id=\"4c10e258\" data-element_type=\"widget\" data-widget_type=\"text-editor.default\">\n\t\t\t\t<div class=\"elementor-widget-container\">\n\t\t\t\t\t\t\t\t\t<h5 class=\"elementor-heading-title elementor-size-default\">Forma\u00e7\u00e3o de obreiro<\/h5><p>Dura\u00e7\u00e3o de 4 meses<\/p>\t\t\t\t\t\t\t\t<\/div>\n\t\t\t\t<\/div>\n\t\t\t\t<div class=\"elementor-element elementor-element-25b7734 elementor-align-center elementor-invisible elementor-widget elementor-widget-button\" data-id=\"25b7734\" data-element_type=\"widget\" data-settings=\"{&quot;_animation&quot;:&quot;fadeIn&quot;}\" data-widget_type=\"button.default\">\n\t\t\t\t<div class=\"elementor-widget-container\">\n\t\t\t\t\t\t\t\t\t<div class=\"elementor-button-wrapper\">\n\t\t\t\t\t<a class=\"elementor-button elementor-button-link elementor-size-sm\" href=\"https:\/\/ibpteo.com.br\/index.php\/cfo\">\n\t\t\t\t\t\t<span class=\"elementor-button-content-wrapper\">\n\t\t\t\t\t\t\t\t\t<span class=\"elementor-button-text\">Clique<\/span>\n\t\t\t\t\t<\/span>\n\t\t\t\t\t<\/a>\n\t\t\t\t<\/div>\n\t\t\t\t\t\t\t\t<\/div>\n\t\t\t\t<\/div>\n\t\t\t\t\t<\/div>\n\t\t<\/div>\n\t\t\t\t<div class=\"elementor-column elementor-col-25 elementor-top-column elementor-element elementor-element-3d0fd720\" data-id=\"3d0fd720\" data-element_type=\"column\" data-settings=\"{&quot;background_background&quot;:&quot;gradient&quot;}\">\n\t\t\t<div class=\"elementor-widget-wrap elementor-element-populated\">\n\t\t\t\t\t\t<div class=\"elementor-element elementor-element-643bc001 elementor-view-default elementor-widget elementor-widget-icon\" data-id=\"643bc001\" data-element_type=\"widget\" data-widget_type=\"icon.default\">\n\t\t\t\t<div class=\"elementor-widget-container\">\n\t\t\t\t\t\t\t<div class=\"elementor-icon-wrapper\">\n\t\t\t<div class=\"elementor-icon\">\n\t\t\t<i aria-hidden=\"true\" class=\"fas fa-book-reader\"><\/i>\t\t\t<\/div>\n\t\t<\/div>\n\t\t\t\t\t\t<\/div>\n\t\t\t\t<\/div>\n\t\t\t\t<div class=\"elementor-element elementor-element-cec5584 elementor-widget elementor-widget-heading\" data-id=\"cec5584\" data-element_type=\"widget\" data-widget_type=\"heading.default\">\n\t\t\t\t<div class=\"elementor-widget-container\">\n\t\t\t\t\t<h2 class=\"elementor-heading-title elementor-size-default\">TALITA<\/h2>\t\t\t\t<\/div>\n\t\t\t\t<\/div>\n\t\t\t\t<div class=\"elementor-element elementor-element-164441fa elementor-widget elementor-widget-text-editor\" data-id=\"164441fa\" data-element_type=\"widget\" data-widget_type=\"text-editor.default\">\n\t\t\t\t<div class=\"elementor-widget-container\">\n\t\t\t\t\t\t\t\t\t<h5 class=\"elementor-heading-title elementor-size-default\">Educador Infantil<\/h5><p>Dura\u00e7\u00e3o de 4 meses<\/p>\t\t\t\t\t\t\t\t<\/div>\n\t\t\t\t<\/div>\n\t\t\t\t<div class=\"elementor-element elementor-element-4bc05870 elementor-align-center elementor-invisible elementor-widget elementor-widget-button\" data-id=\"4bc05870\" data-element_type=\"widget\" data-settings=\"{&quot;_animation&quot;:&quot;fadeIn&quot;}\" data-widget_type=\"button.default\">\n\t\t\t\t<div class=\"elementor-widget-container\">\n\t\t\t\t\t\t\t\t\t<div class=\"elementor-button-wrapper\">\n\t\t\t\t\t<a class=\"elementor-button elementor-button-link elementor-size-sm\" href=\"https:\/\/ibpteo.com.br\/index.php\/talita\">\n\t\t\t\t\t\t<span class=\"elementor-button-content-wrapper\">\n\t\t\t\t\t\t\t\t\t<span class=\"elementor-button-text\">Clique<\/span>\n\t\t\t\t\t<\/span>\n\t\t\t\t\t<\/a>\n\t\t\t\t<\/div>\n\t\t\t\t\t\t\t\t<\/div>\n\t\t\t\t<\/div>\n\t\t\t\t\t<\/div>\n\t\t<\/div>\n\t\t\t\t\t<\/div>\n\t\t<\/section>\n\t\t\t\t<\/div>\n\t\t","protected":false},"excerpt":{"rendered":"<p>CICLO II Curso M\u00e9dio &#8211; Dura\u00e7\u00e3o de 2 anos Ementa do Ciclo II 17 \u00a0 ANTIGO TESTAMENTO I O Antigo Testamento I pretende oportunizar um conhecimento anal\u00edtico e cr\u00edtico, capacitando o aluno a compet\u00eancia de pesquisar, interpretar e compreender o&#8230; <a class=\"di-continue-reading\" href=\"https:\/\/ibpteo.com.br\/index.php\/ciclo-ii\/\"> Continue Reading&#8230;<\/a><\/p>\n","protected":false},"author":1,"featured_media":0,"parent":0,"menu_order":0,"comment_status":"closed","ping_status":"closed","template":"","meta":{"footnotes":""},"class_list":["post-421","page","type-page","status-publish","hentry"],"_links":{"self":[{"href":"https:\/\/ibpteo.com.br\/index.php\/wp-json\/wp\/v2\/pages\/421","targetHints":{"allow":["GET"]}}],"collection":[{"href":"https:\/\/ibpteo.com.br\/index.php\/wp-json\/wp\/v2\/pages"}],"about":[{"href":"https:\/\/ibpteo.com.br\/index.php\/wp-json\/wp\/v2\/types\/page"}],"author":[{"embeddable":true,"href":"https:\/\/ibpteo.com.br\/index.php\/wp-json\/wp\/v2\/users\/1"}],"replies":[{"embeddable":true,"href":"https:\/\/ibpteo.com.br\/index.php\/wp-json\/wp\/v2\/comments?post=421"}],"version-history":[{"count":10,"href":"https:\/\/ibpteo.com.br\/index.php\/wp-json\/wp\/v2\/pages\/421\/revisions"}],"predecessor-version":[{"id":529,"href":"https:\/\/ibpteo.com.br\/index.php\/wp-json\/wp\/v2\/pages\/421\/revisions\/529"}],"wp:attachment":[{"href":"https:\/\/ibpteo.com.br\/index.php\/wp-json\/wp\/v2\/media?parent=421"}],"curies":[{"name":"wp","href":"https:\/\/api.w.org\/{rel}","templated":true}]}}