{"id":346,"date":"2025-02-04T10:37:28","date_gmt":"2025-02-04T13:37:28","guid":{"rendered":"https:\/\/ibpteo.com.br\/?page_id=346"},"modified":"2025-02-17T15:01:22","modified_gmt":"2025-02-17T18:01:22","slug":"home-2","status":"publish","type":"page","link":"https:\/\/ibpteo.com.br\/index.php\/home-2\/","title":{"rendered":"Cursos"},"content":{"rendered":"\t\t<div data-elementor-type=\"wp-page\" data-elementor-id=\"346\" class=\"elementor elementor-346\">\n\t\t\t\t\t\t<section class=\"elementor-section elementor-top-section elementor-element elementor-element-3566aec elementor-section-boxed elementor-section-height-default elementor-section-height-default\" data-id=\"3566aec\" data-element_type=\"section\">\n\t\t\t\t\t\t<div class=\"elementor-container elementor-column-gap-default\">\n\t\t\t\t\t<div class=\"elementor-column elementor-col-100 elementor-top-column elementor-element elementor-element-9085fb2\" data-id=\"9085fb2\" data-element_type=\"column\">\n\t\t\t<div class=\"elementor-widget-wrap elementor-element-populated\">\n\t\t\t\t\t\t<div class=\"elementor-element elementor-element-634ab78 elementor-widget-divider--view-line elementor-widget elementor-widget-divider\" data-id=\"634ab78\" data-element_type=\"widget\" data-widget_type=\"divider.default\">\n\t\t\t\t<div class=\"elementor-widget-container\">\n\t\t\t\t\t\t\t<div class=\"elementor-divider\">\n\t\t\t<span class=\"elementor-divider-separator\">\n\t\t\t\t\t\t<\/span>\n\t\t<\/div>\n\t\t\t\t\t\t<\/div>\n\t\t\t\t<\/div>\n\t\t\t\t\t<\/div>\n\t\t<\/div>\n\t\t\t\t\t<\/div>\n\t\t<\/section>\n\t\t\t\t<section class=\"elementor-section elementor-top-section elementor-element elementor-element-e49d726 elementor-section-boxed elementor-section-height-default elementor-section-height-default\" data-id=\"e49d726\" data-element_type=\"section\">\n\t\t\t\t\t\t<div class=\"elementor-container elementor-column-gap-default\">\n\t\t\t\t\t<div class=\"elementor-column elementor-col-100 elementor-top-column elementor-element elementor-element-ef0fd26\" data-id=\"ef0fd26\" data-element_type=\"column\" data-settings=\"{&quot;background_background&quot;:&quot;gradient&quot;}\">\n\t\t\t<div class=\"elementor-widget-wrap elementor-element-populated\">\n\t\t\t\t\t\t<div class=\"elementor-element elementor-element-330d823 elementor-widget elementor-widget-image\" data-id=\"330d823\" data-element_type=\"widget\" data-widget_type=\"image.default\">\n\t\t\t\t<div class=\"elementor-widget-container\">\n\t\t\t\t\t\t\t\t\t\t\t\t\t\t\t<img fetchpriority=\"high\" decoding=\"async\" width=\"326\" height=\"300\" src=\"https:\/\/ibpteo.com.br\/wp-content\/uploads\/2025\/01\/CICLO1.png\" class=\"attachment-large size-large wp-image-236\" alt=\"\" srcset=\"https:\/\/ibpteo.com.br\/wp-content\/uploads\/2025\/01\/CICLO1.png 326w, https:\/\/ibpteo.com.br\/wp-content\/uploads\/2025\/01\/CICLO1-300x276.png 300w\" sizes=\"(max-width: 326px) 100vw, 326px\" \/>\t\t\t\t\t\t\t\t\t\t\t\t\t\t\t<\/div>\n\t\t\t\t<\/div>\n\t\t\t\t<div class=\"elementor-element elementor-element-5b80b6a elementor-view-default elementor-widget elementor-widget-icon\" data-id=\"5b80b6a\" data-element_type=\"widget\" data-widget_type=\"icon.default\">\n\t\t\t\t<div class=\"elementor-widget-container\">\n\t\t\t\t\t\t\t<div class=\"elementor-icon-wrapper\">\n\t\t\t<div class=\"elementor-icon\">\n\t\t\t<i aria-hidden=\"true\" class=\"fas fa-book-reader\"><\/i>\t\t\t<\/div>\n\t\t<\/div>\n\t\t\t\t\t\t<\/div>\n\t\t\t\t<\/div>\n\t\t\t\t<div class=\"elementor-element elementor-element-0368456 elementor-widget elementor-widget-heading\" data-id=\"0368456\" data-element_type=\"widget\" data-widget_type=\"heading.default\">\n\t\t\t\t<div class=\"elementor-widget-container\">\n\t\t\t\t\t<h2 class=\"elementor-heading-title elementor-size-default\">CICLO I<\/h2>\t\t\t\t<\/div>\n\t\t\t\t<\/div>\n\t\t\t\t<div class=\"elementor-element elementor-element-efe6916 elementor-widget elementor-widget-text-editor\" data-id=\"efe6916\" data-element_type=\"widget\" data-widget_type=\"text-editor.default\">\n\t\t\t\t<div class=\"elementor-widget-container\">\n\t\t\t\t\t\t\t\t\t<h6>Curso B\u00e1sico &#8211; Dura\u00e7\u00e3o de 2 anos<\/h6>\t\t\t\t\t\t\t\t<\/div>\n\t\t\t\t<\/div>\n\t\t\t\t<div class=\"elementor-element elementor-element-f9c21a2 elementor-widget__width-initial elementor-widget elementor-widget-text-editor\" data-id=\"f9c21a2\" data-element_type=\"widget\" data-widget_type=\"text-editor.default\">\n\t\t\t\t<div class=\"elementor-widget-container\">\n\t\t\t\t\t\t\t\t\t<table width=\"948\"><tbody><tr><td colspan=\"4\" width=\"948\"><p>\u00a0Ementa do Ciclo I<\/p><\/td><\/tr><tr><td width=\"64\"><p><strong>\u00a0<\/strong><\/p><\/td><td width=\"95\"><p><strong>GRUPO<\/strong><\/p><\/td><td width=\"205\"><p><strong>MAT\u00c9RIA<\/strong><\/p><\/td><td width=\"584\"><p><strong>DESCRI\u00c7\u00c3O<\/strong><\/p><\/td><\/tr><tr><td width=\"64\"><p><strong>1<\/strong><\/p><\/td><td width=\"95\"><p>TEOLOGIA<\/p><\/td><td width=\"205\"><p>BIBLIOLOGIA<\/p><\/td><td width=\"584\"><p>Import\u00e2ncia das Escrituras; a B\u00edblia como livro; Palavra de Deus; forma\u00e7\u00e3o do <em>Canon<\/em>; preserva\u00e7\u00e3o e tradu\u00e7\u00e3o da B\u00edblia; hist\u00f3ria da b\u00edblica; cronologia b\u00edblica; geografia b\u00edblica.<\/p><\/td><\/tr><tr><td width=\"64\"><p><strong>2<\/strong><\/p><\/td><td width=\"95\"><p>B\u00cdBLIA<\/p><\/td><td width=\"205\"><p>PENTATEUCO<\/p><\/td><td width=\"584\"><p>Introdu\u00e7\u00e3o; o princ\u00edpio; de Abra\u00e3o a Jac\u00f3; Jos\u00e9; o Deus de Israel; dispensa\u00e7\u00e3o da Lei; Tabern\u00e1culo; sacrif\u00edcios e leis; peregrina\u00e7\u00e3o; a nova gera\u00e7\u00e3o.<\/p><\/td><\/tr><tr><td width=\"64\"><p><strong>3<\/strong><\/p><\/td><td width=\"95\"><p>B\u00cdBLIA<\/p><\/td><td width=\"205\"><p>LIVROS HIST\u00d3RICOS<\/p><\/td><td width=\"584\"><p>A conquista de Cana\u00e3; o per\u00edodo dos ju\u00edzes; o reino unido: Saul; o reino unido: Davi; o decl\u00ednio e divis\u00e3o do reino unido; O per\u00edodo das alian\u00e7as; avivamento e degenera\u00e7\u00e3o; decl\u00ednio e queda de Jud\u00e1; o regresso do cativeiro; o per\u00edodo da restaura\u00e7\u00e3o.<\/p><\/td><\/tr><tr><td width=\"64\"><p><strong>4<\/strong><\/p><\/td><td width=\"95\"><p>B\u00cdBLIA<\/p><\/td><td width=\"205\"><p>OS PROFETAS MENORES<\/p><\/td><td width=\"584\"><p>Estudo factual dos livros de Obadias; o livro de Joel; o livro de Jonas; o livro de Os\u00e9ias; o livro de Am\u00f3s; o livro de Miqu\u00e9ias; os livros de Naum, Habacuque e de Sofonias; o livro de Ageu; o livro de Zacarias; o livro de Malaquias.<\/p><\/td><\/tr><tr><td width=\"64\"><p><strong>5<\/strong><\/p><\/td><td width=\"95\"><p>B\u00cdBLIA<\/p><\/td><td width=\"205\"><p>OS PROFETAS MAIORES<\/p><\/td><td width=\"584\"><p>Isa\u00edas, profeta das promessas; o Messias prometido; o dia do Senhor; esperan\u00e7a para uma gera\u00e7\u00e3o futura; o Messias vindouro. Jeremias, profeta da coragem; a primeira e a segunda deporta\u00e7\u00f5es de exilados; a queda de Jerusal\u00e9m. Ezequiel o profeta das vis\u00f5es; a queda de Jerusal\u00e9m e seu novo come\u00e7o.<\/p><\/td><\/tr><tr><td width=\"64\"><p><strong>6<\/strong><\/p><\/td><td width=\"95\"><p>B\u00cdBLIA<\/p><\/td><td width=\"205\"><p>OS LIVROS PO\u00c9TICOS<\/p><\/td><td width=\"584\"><p>O livro de J\u00f3; pr\u00f3logo; di\u00e1logo; mon\u00f3logo e ep\u00edlogo. Introdu\u00e7\u00e3o ao livro de salmos; categorias. O livro de prov\u00e9rbios \u2013 a verdadeira sabedoria; amplia\u00e7\u00e3o e ilustra\u00e7\u00e3o da sabedoria. O livro de Eclesiastes. Cantares de Salom\u00e3o.<\/p><\/td><\/tr><tr><td width=\"64\"><p><strong>7<\/strong><\/p><\/td><td width=\"95\"><p>B\u00cdBLIA<\/p><\/td><td width=\"205\"><p>EVANGELHOS \/ATOS<\/p><\/td><td width=\"584\"><p>Introdu\u00e7\u00e3o aos Evangelhos; Mateus; Marcos; Lucas; Jo\u00e3o. Destacando os sin\u00f3ticos e a peculiaridade do evangelho de Jo\u00e3o. Atos dos Ap\u00f3stolos factual os primeiros anos da Igreja, com destaque a vinda do Esp\u00edrito Santo e a sua atua\u00e7\u00e3o e as primeiras incurs\u00f5es missioon\u00e1rias.<\/p><\/td><\/tr><tr><td width=\"64\"><p><strong>8<\/strong><\/p><\/td><td width=\"95\">\u00a0<\/td><td width=\"205\"><p>ANJOS, HOMENS, PECADO E SALVA\u00c7\u00c3O<\/p><\/td><td width=\"584\"><p>Natureza dos anjos; os anjos como agentes de Deus; origem, rebeldia e queda de L\u00facifer; os anjos ca\u00eddos. Origem e cria\u00e7\u00e3o do homem; natureza essencial do homem; imagem e semelhan\u00e7a de Deus; prova\u00e7\u00e3o e queda do homem. Origem do pecado; natureza do pecado. Provid\u00eancia salvadora; aspectos da provis\u00e3o; convers\u00e3o; o homem na convers\u00e3o; Justifica\u00e7\u00e3o; Regenera\u00e7\u00e3o; Ado\u00e7\u00e3o; Santifica\u00e7\u00e3o; advert\u00eancias e promessas; Glorifica\u00e7\u00e3o.<\/p><\/td><\/tr><tr><td width=\"64\"><p><strong>9<\/strong><\/p><\/td><td width=\"95\"><p>B\u00cdBLIA<\/p><\/td><td width=\"205\"><p>AS EP\u00cdSTOLAS PAULINAS E GERAIS<\/p><\/td><td width=\"584\"><p>As paulinas compostas de 13 cartas cuja autoria s\u00e3o atribu\u00eddas ao apostolo Paulo que trata dos mais diversos temas doutrinais; do salvo como indiv\u00edduo e como igreja; Exorta\u00e7\u00f5es pr\u00e1tica nas diversas \u00e1reas da vida crist\u00e3 e do minist\u00e9rio crist\u00e3o; sempre fundamentadas no Evangelho de nosso Senhor e Salvador Jesus Cristo. As Ep\u00edstolas Gerais s\u00e3o aquelas de autores diversos; a ep\u00edstola aos hebreus; a ep\u00edstola de Tiago; a primeira ep\u00edstola de Pedro; a segunda ep\u00edstola de Pedro; a primeira ep\u00edstola de Jo\u00e3o; as segunda e terceira ep\u00edstola de Jo\u00e3o; a ep\u00edstola de Judas.<\/p><\/td><\/tr><tr><td width=\"64\"><p><strong>10<\/strong><\/p><\/td><td width=\"95\"><p>B\u00cdBLIA<\/p><\/td><td width=\"205\"><p>HOMIL\u00c9TICA \/ HERMEN\u00caUTICA<\/p><\/td><td width=\"584\"><p>Demonstra que o minist\u00e9rio da prega\u00e7\u00e3o n\u00e3o \u00e9 exclusividade dos ministros, mas sim daqueles que dedicam-se a tarefa. A proposta desta mat\u00e9ria \u00e9 capacitar leigos e obreiros para executar e preparar mensagens. Introdu\u00e7\u00e3o \u00e0 Hermen\u00eautica; a concep\u00e7\u00e3o pr\u00f3pria da B\u00edblia; particularidades do texto b\u00edblico; m\u00e9todos de estudo b\u00edblico; princ\u00edpios de interpreta\u00e7\u00e3o b\u00edblica; princ\u00edpios gramaticais de interpreta\u00e7\u00e3o; princ\u00edpios hist\u00f3ricos de interpreta\u00e7\u00e3o; princ\u00edpios teol\u00f3gicos de interpreta\u00e7\u00e3o.<\/p><\/td><\/tr><tr><td width=\"64\"><p><strong>11<\/strong><\/p><\/td><td width=\"95\">\u00a0<\/td><td width=\"205\"><p>GEOGRAFIA B\u00cdBLICA<\/p><\/td><td width=\"584\"><p>O mundo antigo. Estudo dos achados arqueol\u00f3gicos dos povos e das terras do Antigo Testamento do per\u00edodo Inter b\u00edblico e do Novo Testamento e do espa\u00e7o geogr\u00e1fico na Palestina. E as no\u00e7\u00f5es b\u00e1sicas do que \u00e9 espa\u00e7o geogr\u00e1fico.<\/p><\/td><\/tr><tr><td width=\"64\"><p><strong>12<\/strong><\/p><\/td><td width=\"95\">\u00a0<\/td><td width=\"205\"><p>HIST\u00d3RIA DA IGREJA<\/p><\/td><td width=\"584\"><p>A Igreja de Cristo, o povo de Deus establecido na terra e a sua hist\u00f3ria pode ser dividida em per\u00eddos para melhor compreens\u00e3o, com fatos desde o primeiro s\u00e9culo at\u00e9 a atualidade. O per\u00eddo hist\u00f3rico \u00e9 dividido como a Igreja na Idade Antiga, na Idade M\u00e9dia e na Idade Moderna.<\/p><\/td><\/tr><tr><td width=\"64\"><p><strong>13<\/strong><\/p><\/td><td width=\"95\">\u00a0<\/td><td width=\"205\"><p>HERESIOLOGIA<\/p><\/td><td width=\"584\"><p>Essa disciplina foi planejada para facilitar a compreens\u00e3o da natureza das principais religi\u00f5es presentes no mundo moderno e dos grandes e tradicionais sistemas religiosos n\u00e3o evang\u00e9licos do Brasil, oferecendo ao aluno as condi\u00e7\u00f5es b\u00e1sicas para o trabalho de divulga\u00e7\u00e3o do Evangelho entre os adeptos desses sistemas.\u00a0 Al\u00e9m de uma breve vis\u00e3o panor\u00e2mica sobre todas as principais grandes religi\u00f5es n\u00e3o crist\u00e3s e seitas her\u00e9ticas que se declaram crist\u00e3s, essa disciplina se especializar\u00e1 no estudo da hist\u00f3ria e natureza das seguintes religi\u00f5es e seitas.<\/p><\/td><\/tr><tr><td width=\"64\"><p><strong>14<\/strong><\/p><\/td><td width=\"95\"><p>TEOLOGIA<\/p><\/td><td width=\"205\"><p>A TRINDADE<\/p><\/td><td width=\"584\"><p>Fornece os elementos fundamentados na B\u00edblia que Deus existe eternamente como tr\u00eas pessoas, Pai, Filho, Esp\u00edrito Santo. Cada pessoa \u00e9 plenamente Deus e h\u00e1 um s\u00f3 Deus \u2013 Deus \u00e9 uno e ao mesmo tempo trino, ou seja, cada pessoa \u00e9 plenamente Deus e h\u00e1 um s\u00f3 Deus.<\/p><\/td><\/tr><tr><td width=\"64\"><p><strong>15<\/strong><\/p><\/td><td width=\"95\"><p>TEOLOGIA<\/p><\/td><td width=\"205\"><p>EDUCA\u00c7\u00c3O CRIST\u00c3<\/p><\/td><td width=\"584\"><p>Educa\u00e7\u00e3o religiosa e sua raz\u00e3o de ser; fundamentos da educa\u00e7\u00e3o religiosa; a Escola Dominical; agentes da educa\u00e7\u00e3o crist\u00e3; elementos da educa\u00e7\u00e3o; foco do ensino; avalia\u00e7\u00e3o de resultados; autodesenvolvimento; departamentos educacionais.<\/p><\/td><\/tr><tr><td width=\"64\"><p><strong>16<\/strong><\/p><\/td><td width=\"95\"><p>B\u00cdBLIA<\/p><\/td><td width=\"205\"><p>DANIEL E APOCALIPSE<\/p><\/td><td width=\"584\"><p>Os tempos dos gentios; os imp\u00e9rios mundiais discriminados; as setenta semanas de anos; as \u00faltimas revela\u00e7\u00f5es de Daniel; Cristo e a sua igreja; as sete igrejas da \u00c1sia; o arrebatamento da igreja e o in\u00edcio da grande tribula\u00e7\u00e3o; as sete trombetas de ju\u00edzo; ascens\u00e3o e queda do anticristo; eventos finais.<\/p><\/td><\/tr><\/tbody><\/table>\t\t\t\t\t\t\t\t<\/div>\n\t\t\t\t<\/div>\n\t\t\t\t\t<\/div>\n\t\t<\/div>\n\t\t\t\t\t<\/div>\n\t\t<\/section>\n\t\t\t\t<section class=\"elementor-section elementor-top-section elementor-element elementor-element-3bea1db elementor-section-boxed elementor-section-height-default elementor-section-height-default\" data-id=\"3bea1db\" data-element_type=\"section\">\n\t\t\t\t\t\t<div class=\"elementor-container elementor-column-gap-default\">\n\t\t\t\t\t<div class=\"elementor-column elementor-col-100 elementor-top-column elementor-element elementor-element-53d9a02\" data-id=\"53d9a02\" data-element_type=\"column\">\n\t\t\t<div class=\"elementor-widget-wrap\">\n\t\t\t\t\t\t\t<\/div>\n\t\t<\/div>\n\t\t\t\t\t<\/div>\n\t\t<\/section>\n\t\t\t\t<section class=\"elementor-section elementor-top-section elementor-element elementor-element-6f978d5d elementor-section-boxed elementor-section-height-default elementor-section-height-default\" data-id=\"6f978d5d\" data-element_type=\"section\">\n\t\t\t\t\t\t<div class=\"elementor-container elementor-column-gap-default\">\n\t\t\t\t\t<div class=\"elementor-column elementor-col-25 elementor-top-column elementor-element elementor-element-aecbb2e\" data-id=\"aecbb2e\" data-element_type=\"column\" data-settings=\"{&quot;background_background&quot;:&quot;gradient&quot;}\">\n\t\t\t<div class=\"elementor-widget-wrap elementor-element-populated\">\n\t\t\t\t\t\t<div class=\"elementor-element elementor-element-6d4994bd elementor-view-default elementor-widget elementor-widget-icon\" data-id=\"6d4994bd\" data-element_type=\"widget\" data-widget_type=\"icon.default\">\n\t\t\t\t<div class=\"elementor-widget-container\">\n\t\t\t\t\t\t\t<div class=\"elementor-icon-wrapper\">\n\t\t\t<div class=\"elementor-icon\">\n\t\t\t<i aria-hidden=\"true\" class=\"fas fa-book-reader\"><\/i>\t\t\t<\/div>\n\t\t<\/div>\n\t\t\t\t\t\t<\/div>\n\t\t\t\t<\/div>\n\t\t\t\t<div class=\"elementor-element elementor-element-3d7dc2b7 elementor-widget elementor-widget-heading\" data-id=\"3d7dc2b7\" data-element_type=\"widget\" data-widget_type=\"heading.default\">\n\t\t\t\t<div class=\"elementor-widget-container\">\n\t\t\t\t\t<h2 class=\"elementor-heading-title elementor-size-default\">CICLO II<\/h2>\t\t\t\t<\/div>\n\t\t\t\t<\/div>\n\t\t\t\t<div class=\"elementor-element elementor-element-60365a25 elementor-widget elementor-widget-text-editor\" data-id=\"60365a25\" data-element_type=\"widget\" data-widget_type=\"text-editor.default\">\n\t\t\t\t<div class=\"elementor-widget-container\">\n\t\t\t\t\t\t\t\t\t<p>Curso M\u00e9dio<\/p><p>Dura\u00e7\u00e3o de 2 anos<\/p>\t\t\t\t\t\t\t\t<\/div>\n\t\t\t\t<\/div>\n\t\t\t\t<div class=\"elementor-element elementor-element-13775d72 elementor-align-center elementor-invisible elementor-widget elementor-widget-button\" data-id=\"13775d72\" data-element_type=\"widget\" data-settings=\"{&quot;_animation&quot;:&quot;fadeIn&quot;}\" data-widget_type=\"button.default\">\n\t\t\t\t<div class=\"elementor-widget-container\">\n\t\t\t\t\t\t\t\t\t<div class=\"elementor-button-wrapper\">\n\t\t\t\t\t<a class=\"elementor-button elementor-button-link elementor-size-sm\" href=\"https:\/\/ibpteo.com.br\/index.php\/ciclo-ii\">\n\t\t\t\t\t\t<span class=\"elementor-button-content-wrapper\">\n\t\t\t\t\t\t\t\t\t<span class=\"elementor-button-text\">Clique<\/span>\n\t\t\t\t\t<\/span>\n\t\t\t\t\t<\/a>\n\t\t\t\t<\/div>\n\t\t\t\t\t\t\t\t<\/div>\n\t\t\t\t<\/div>\n\t\t\t\t\t<\/div>\n\t\t<\/div>\n\t\t\t\t<div class=\"elementor-column elementor-col-25 elementor-top-column elementor-element elementor-element-5270219e\" data-id=\"5270219e\" data-element_type=\"column\" data-settings=\"{&quot;background_background&quot;:&quot;gradient&quot;}\">\n\t\t\t<div class=\"elementor-widget-wrap elementor-element-populated\">\n\t\t\t\t\t\t<div class=\"elementor-element elementor-element-2499b1f0 elementor-view-default elementor-widget elementor-widget-icon\" data-id=\"2499b1f0\" data-element_type=\"widget\" data-widget_type=\"icon.default\">\n\t\t\t\t<div class=\"elementor-widget-container\">\n\t\t\t\t\t\t\t<div class=\"elementor-icon-wrapper\">\n\t\t\t<div class=\"elementor-icon\">\n\t\t\t<i aria-hidden=\"true\" class=\"fas fa-book-reader\"><\/i>\t\t\t<\/div>\n\t\t<\/div>\n\t\t\t\t\t\t<\/div>\n\t\t\t\t<\/div>\n\t\t\t\t<div class=\"elementor-element elementor-element-2c7288fc elementor-widget elementor-widget-heading\" data-id=\"2c7288fc\" data-element_type=\"widget\" data-widget_type=\"heading.default\">\n\t\t\t\t<div class=\"elementor-widget-container\">\n\t\t\t\t\t<h2 class=\"elementor-heading-title elementor-size-default\">CICLO III<\/h2>\t\t\t\t<\/div>\n\t\t\t\t<\/div>\n\t\t\t\t<div class=\"elementor-element elementor-element-2745d661 elementor-widget elementor-widget-text-editor\" data-id=\"2745d661\" data-element_type=\"widget\" data-widget_type=\"text-editor.default\">\n\t\t\t\t<div class=\"elementor-widget-container\">\n\t\t\t\t\t\t\t\t\t<p>Curso Avan\u00e7ado<\/p><p>Dura\u00e7\u00e3o de 2 anos<\/p>\t\t\t\t\t\t\t\t<\/div>\n\t\t\t\t<\/div>\n\t\t\t\t<div class=\"elementor-element elementor-element-1bbde35d elementor-align-center elementor-invisible elementor-widget elementor-widget-button\" data-id=\"1bbde35d\" data-element_type=\"widget\" data-settings=\"{&quot;_animation&quot;:&quot;fadeIn&quot;}\" data-widget_type=\"button.default\">\n\t\t\t\t<div class=\"elementor-widget-container\">\n\t\t\t\t\t\t\t\t\t<div class=\"elementor-button-wrapper\">\n\t\t\t\t\t<a class=\"elementor-button elementor-button-link elementor-size-sm\" href=\"https:\/\/ibpteo.com.br\/index.php\/ciclo-iii\">\n\t\t\t\t\t\t<span class=\"elementor-button-content-wrapper\">\n\t\t\t\t\t\t\t\t\t<span class=\"elementor-button-text\">Clique<\/span>\n\t\t\t\t\t<\/span>\n\t\t\t\t\t<\/a>\n\t\t\t\t<\/div>\n\t\t\t\t\t\t\t\t<\/div>\n\t\t\t\t<\/div>\n\t\t\t\t\t<\/div>\n\t\t<\/div>\n\t\t\t\t<div class=\"elementor-column elementor-col-25 elementor-top-column elementor-element elementor-element-84b0777\" data-id=\"84b0777\" data-element_type=\"column\" data-settings=\"{&quot;background_background&quot;:&quot;gradient&quot;}\">\n\t\t\t<div class=\"elementor-widget-wrap elementor-element-populated\">\n\t\t\t\t\t\t<div class=\"elementor-element elementor-element-917d1cf elementor-view-default elementor-widget elementor-widget-icon\" data-id=\"917d1cf\" data-element_type=\"widget\" data-widget_type=\"icon.default\">\n\t\t\t\t<div class=\"elementor-widget-container\">\n\t\t\t\t\t\t\t<div class=\"elementor-icon-wrapper\">\n\t\t\t<div class=\"elementor-icon\">\n\t\t\t<i aria-hidden=\"true\" class=\"fas fa-book-reader\"><\/i>\t\t\t<\/div>\n\t\t<\/div>\n\t\t\t\t\t\t<\/div>\n\t\t\t\t<\/div>\n\t\t\t\t<div class=\"elementor-element elementor-element-26ba8d07 elementor-widget elementor-widget-heading\" data-id=\"26ba8d07\" data-element_type=\"widget\" data-widget_type=\"heading.default\">\n\t\t\t\t<div class=\"elementor-widget-container\">\n\t\t\t\t\t<h2 class=\"elementor-heading-title elementor-size-default\">CFO<\/h2>\t\t\t\t<\/div>\n\t\t\t\t<\/div>\n\t\t\t\t<div class=\"elementor-element elementor-element-7a6cc4f1 elementor-widget elementor-widget-text-editor\" data-id=\"7a6cc4f1\" data-element_type=\"widget\" data-widget_type=\"text-editor.default\">\n\t\t\t\t<div class=\"elementor-widget-container\">\n\t\t\t\t\t\t\t\t\t<h5 class=\"elementor-heading-title elementor-size-default\">Forma\u00e7\u00e3o de obreiro<\/h5><p>Dura\u00e7\u00e3o de 4 meses<\/p>\t\t\t\t\t\t\t\t<\/div>\n\t\t\t\t<\/div>\n\t\t\t\t<div class=\"elementor-element elementor-element-11c83626 elementor-align-center elementor-invisible elementor-widget elementor-widget-button\" data-id=\"11c83626\" data-element_type=\"widget\" data-settings=\"{&quot;_animation&quot;:&quot;fadeIn&quot;}\" data-widget_type=\"button.default\">\n\t\t\t\t<div class=\"elementor-widget-container\">\n\t\t\t\t\t\t\t\t\t<div class=\"elementor-button-wrapper\">\n\t\t\t\t\t<a class=\"elementor-button elementor-button-link elementor-size-sm\" href=\"https:\/\/ibpteo.com.br\/index.php\/cfo\">\n\t\t\t\t\t\t<span class=\"elementor-button-content-wrapper\">\n\t\t\t\t\t\t\t\t\t<span class=\"elementor-button-text\">Clique<\/span>\n\t\t\t\t\t<\/span>\n\t\t\t\t\t<\/a>\n\t\t\t\t<\/div>\n\t\t\t\t\t\t\t\t<\/div>\n\t\t\t\t<\/div>\n\t\t\t\t\t<\/div>\n\t\t<\/div>\n\t\t\t\t<div class=\"elementor-column elementor-col-25 elementor-top-column elementor-element elementor-element-2829811c\" data-id=\"2829811c\" data-element_type=\"column\" data-settings=\"{&quot;background_background&quot;:&quot;gradient&quot;}\">\n\t\t\t<div class=\"elementor-widget-wrap elementor-element-populated\">\n\t\t\t\t\t\t<div class=\"elementor-element elementor-element-5ab23091 elementor-view-default elementor-widget elementor-widget-icon\" data-id=\"5ab23091\" data-element_type=\"widget\" data-widget_type=\"icon.default\">\n\t\t\t\t<div class=\"elementor-widget-container\">\n\t\t\t\t\t\t\t<div class=\"elementor-icon-wrapper\">\n\t\t\t<div class=\"elementor-icon\">\n\t\t\t<i aria-hidden=\"true\" class=\"fas fa-book-reader\"><\/i>\t\t\t<\/div>\n\t\t<\/div>\n\t\t\t\t\t\t<\/div>\n\t\t\t\t<\/div>\n\t\t\t\t<div class=\"elementor-element elementor-element-75affc5f elementor-widget elementor-widget-heading\" data-id=\"75affc5f\" data-element_type=\"widget\" data-widget_type=\"heading.default\">\n\t\t\t\t<div class=\"elementor-widget-container\">\n\t\t\t\t\t<h2 class=\"elementor-heading-title elementor-size-default\">TALITA<\/h2>\t\t\t\t<\/div>\n\t\t\t\t<\/div>\n\t\t\t\t<div class=\"elementor-element elementor-element-5c392ca elementor-widget elementor-widget-text-editor\" data-id=\"5c392ca\" data-element_type=\"widget\" data-widget_type=\"text-editor.default\">\n\t\t\t\t<div class=\"elementor-widget-container\">\n\t\t\t\t\t\t\t\t\t<h5 class=\"elementor-heading-title elementor-size-default\">Educador Infantil<\/h5><p>Dura\u00e7\u00e3o de 4 meses<\/p>\t\t\t\t\t\t\t\t<\/div>\n\t\t\t\t<\/div>\n\t\t\t\t<div class=\"elementor-element elementor-element-35c6411a elementor-align-center elementor-invisible elementor-widget elementor-widget-button\" data-id=\"35c6411a\" data-element_type=\"widget\" data-settings=\"{&quot;_animation&quot;:&quot;fadeIn&quot;}\" data-widget_type=\"button.default\">\n\t\t\t\t<div class=\"elementor-widget-container\">\n\t\t\t\t\t\t\t\t\t<div class=\"elementor-button-wrapper\">\n\t\t\t\t\t<a class=\"elementor-button elementor-button-link elementor-size-sm\" href=\"https:\/\/ibpteo.com.br\/index.php\/talita\">\n\t\t\t\t\t\t<span class=\"elementor-button-content-wrapper\">\n\t\t\t\t\t\t\t\t\t<span class=\"elementor-button-text\">Clique<\/span>\n\t\t\t\t\t<\/span>\n\t\t\t\t\t<\/a>\n\t\t\t\t<\/div>\n\t\t\t\t\t\t\t\t<\/div>\n\t\t\t\t<\/div>\n\t\t\t\t\t<\/div>\n\t\t<\/div>\n\t\t\t\t\t<\/div>\n\t\t<\/section>\n\t\t\t\t<\/div>\n\t\t","protected":false},"excerpt":{"rendered":"<p>CICLO I Curso B\u00e1sico &#8211; Dura\u00e7\u00e3o de 2 anos \u00a0Ementa do Ciclo I \u00a0 GRUPO MAT\u00c9RIA DESCRI\u00c7\u00c3O 1 TEOLOGIA BIBLIOLOGIA Import\u00e2ncia das Escrituras; a B\u00edblia como livro; Palavra de Deus; forma\u00e7\u00e3o do Canon; preserva\u00e7\u00e3o e tradu\u00e7\u00e3o da B\u00edblia; hist\u00f3ria da&#8230; <a class=\"di-continue-reading\" href=\"https:\/\/ibpteo.com.br\/index.php\/home-2\/\"> Continue Reading&#8230;<\/a><\/p>\n","protected":false},"author":1,"featured_media":0,"parent":0,"menu_order":0,"comment_status":"closed","ping_status":"closed","template":"","meta":{"footnotes":""},"class_list":["post-346","page","type-page","status-publish","hentry"],"_links":{"self":[{"href":"https:\/\/ibpteo.com.br\/index.php\/wp-json\/wp\/v2\/pages\/346","targetHints":{"allow":["GET"]}}],"collection":[{"href":"https:\/\/ibpteo.com.br\/index.php\/wp-json\/wp\/v2\/pages"}],"about":[{"href":"https:\/\/ibpteo.com.br\/index.php\/wp-json\/wp\/v2\/types\/page"}],"author":[{"embeddable":true,"href":"https:\/\/ibpteo.com.br\/index.php\/wp-json\/wp\/v2\/users\/1"}],"replies":[{"embeddable":true,"href":"https:\/\/ibpteo.com.br\/index.php\/wp-json\/wp\/v2\/comments?post=346"}],"version-history":[{"count":25,"href":"https:\/\/ibpteo.com.br\/index.php\/wp-json\/wp\/v2\/pages\/346\/revisions"}],"predecessor-version":[{"id":526,"href":"https:\/\/ibpteo.com.br\/index.php\/wp-json\/wp\/v2\/pages\/346\/revisions\/526"}],"wp:attachment":[{"href":"https:\/\/ibpteo.com.br\/index.php\/wp-json\/wp\/v2\/media?parent=346"}],"curies":[{"name":"wp","href":"https:\/\/api.w.org\/{rel}","templated":true}]}}