{"id":18,"date":"2019-09-24T10:49:21","date_gmt":"2019-09-24T10:49:21","guid":{"rendered":"http:\/\/demo.dithemes.com\/di-multipurpose\/clinic\/?page_id=18"},"modified":"2025-02-06T09:09:17","modified_gmt":"2025-02-06T12:09:17","slug":"presidente","status":"publish","type":"page","link":"https:\/\/ibpteo.com.br\/index.php\/presidente\/","title":{"rendered":"Presidente"},"content":{"rendered":"\t\t<div data-elementor-type=\"wp-page\" data-elementor-id=\"18\" class=\"elementor elementor-18\">\n\t\t\t\t\t\t<section class=\"elementor-section elementor-top-section elementor-element elementor-element-7e33c68 elementor-section-boxed elementor-section-height-default elementor-section-height-default\" data-id=\"7e33c68\" data-element_type=\"section\" data-settings=\"{&quot;background_background&quot;:&quot;classic&quot;}\">\n\t\t\t\t\t\t<div class=\"elementor-container elementor-column-gap-default\">\n\t\t\t\t\t<div class=\"elementor-column elementor-col-50 elementor-top-column elementor-element elementor-element-24741fa\" data-id=\"24741fa\" data-element_type=\"column\">\n\t\t\t<div class=\"elementor-widget-wrap elementor-element-populated\">\n\t\t\t\t\t\t<div class=\"elementor-element elementor-element-d981cb1 elementor-widget elementor-widget-image\" data-id=\"d981cb1\" data-element_type=\"widget\" data-widget_type=\"image.default\">\n\t\t\t\t<div class=\"elementor-widget-container\">\n\t\t\t\t\t\t\t\t\t\t\t\t\t\t\t<img fetchpriority=\"high\" decoding=\"async\" width=\"666\" height=\"1000\" src=\"https:\/\/ibpteo.com.br\/wp-content\/uploads\/2025\/02\/PRE1.jpg\" class=\"attachment-full size-full wp-image-492\" alt=\"\" srcset=\"https:\/\/ibpteo.com.br\/wp-content\/uploads\/2025\/02\/PRE1.jpg 666w, https:\/\/ibpteo.com.br\/wp-content\/uploads\/2025\/02\/PRE1-200x300.jpg 200w\" sizes=\"(max-width: 666px) 100vw, 666px\" \/>\t\t\t\t\t\t\t\t\t\t\t\t\t\t\t<\/div>\n\t\t\t\t<\/div>\n\t\t\t\t\t<\/div>\n\t\t<\/div>\n\t\t\t\t<div class=\"elementor-column elementor-col-50 elementor-top-column elementor-element elementor-element-8ba1da1\" data-id=\"8ba1da1\" data-element_type=\"column\">\n\t\t\t<div class=\"elementor-widget-wrap elementor-element-populated\">\n\t\t\t\t\t\t<div class=\"elementor-element elementor-element-0834c14 elementor-widget-divider--view-line elementor-widget elementor-widget-divider\" data-id=\"0834c14\" data-element_type=\"widget\" data-widget_type=\"divider.default\">\n\t\t\t\t<div class=\"elementor-widget-container\">\n\t\t\t\t\t\t\t<div class=\"elementor-divider\">\n\t\t\t<span class=\"elementor-divider-separator\">\n\t\t\t\t\t\t<\/span>\n\t\t<\/div>\n\t\t\t\t\t\t<\/div>\n\t\t\t\t<\/div>\n\t\t\t\t<div class=\"elementor-element elementor-element-87ce960 elementor-widget elementor-widget-heading\" data-id=\"87ce960\" data-element_type=\"widget\" data-widget_type=\"heading.default\">\n\t\t\t\t<div class=\"elementor-widget-container\">\n\t\t\t\t\t<h2 class=\"elementor-heading-title elementor-size-default\">Palavra do Presidente<\/h2>\t\t\t\t<\/div>\n\t\t\t\t<\/div>\n\t\t\t\t<div class=\"elementor-element elementor-element-29bfa86 elementor-widget elementor-widget-text-editor\" data-id=\"29bfa86\" data-element_type=\"widget\" data-widget_type=\"text-editor.default\">\n\t\t\t\t<div class=\"elementor-widget-container\">\n\t\t\t\t\t\t\t\t\t<p>Prezado irm\u00e3o!<br \/><br \/>Todos sabemos a import\u00e2ncia do crist\u00e3o em crescer na gra\u00e7a e no conhecimento do Senhor Jesus Cristo, como bem orientou o ap\u00f3stolo Pedro (2Pe 2.18). O estudo sistem\u00e1tico da B\u00edblia Sagrada \u00e9 um dos mais poderosos instrumentos para esse crescimento.<br \/><br \/>Buscando a maturidade espiritual do crente, o Instituto B\u00edblico de Paul\u00ednia \u2013 IBP tem suas portas abertas para receber pessoas que creem em Jesus Cristo como seu \u00fanico Salvador e Senhor para que possam estudar a Palavra de Deus. Atrav\u00e9s do estudo, pessoas vocacionadas para o minist\u00e9rio poder\u00e3o tamb\u00e9m se preparar para servir a Deus como \u201cobreiro que n\u00e3o tem do que se envergonhar, que maneja bem a palavra da verdade\u201d (2Tm 2.15).<br \/><br \/>Nesses tempos em que v\u00e1rias heresias atingem a igreja de Cristo, somente a verdade do evangelho, pela a\u00e7\u00e3o do Esp\u00edrito Santo pode preservar os crentes no caminho antigo da s\u00e3 doutrina e da simplicidade que h\u00e1 em Cristo, da qual n\u00e3o podemos nos afastar (2Co 11.3).<br \/><br \/>O IBP \u00e9 uma escola de profetas, e digo isso sem qualquer pretens\u00e3o de arrog\u00e2ncia, sabendo que existem outros institutos b\u00edblicos s\u00e9rios que tamb\u00e9m buscam os mesmos objetivos. Sigamos, pois, na tarefa de buscar e transmitir os ensinos das Escrituras enquanto aguardamos a volta do Senhor.<br \/><br \/><strong>Pr Edvaldo Bueno<\/strong><br \/><br \/><strong>Diretor Executivo<\/strong><\/p>\t\t\t\t\t\t\t\t<\/div>\n\t\t\t\t<\/div>\n\t\t\t\t\t<\/div>\n\t\t<\/div>\n\t\t\t\t\t<\/div>\n\t\t<\/section>\n\t\t\t\t<\/div>\n\t\t","protected":false},"excerpt":{"rendered":"<p>Palavra do Presidente Prezado irm\u00e3o! Todos sabemos a import\u00e2ncia do crist\u00e3o em crescer na gra\u00e7a e no conhecimento do Senhor Jesus Cristo, como bem orientou o ap\u00f3stolo Pedro (2Pe 2.18). O estudo sistem\u00e1tico da B\u00edblia Sagrada \u00e9 um dos mais&#8230; <a class=\"di-continue-reading\" href=\"https:\/\/ibpteo.com.br\/index.php\/presidente\/\"> Continue Reading&#8230;<\/a><\/p>\n","protected":false},"author":1,"featured_media":0,"parent":0,"menu_order":0,"comment_status":"closed","ping_status":"closed","template":"elementor_theme","meta":{"footnotes":""},"class_list":["post-18","page","type-page","status-publish","hentry"],"_links":{"self":[{"href":"https:\/\/ibpteo.com.br\/index.php\/wp-json\/wp\/v2\/pages\/18","targetHints":{"allow":["GET"]}}],"collection":[{"href":"https:\/\/ibpteo.com.br\/index.php\/wp-json\/wp\/v2\/pages"}],"about":[{"href":"https:\/\/ibpteo.com.br\/index.php\/wp-json\/wp\/v2\/types\/page"}],"author":[{"embeddable":true,"href":"https:\/\/ibpteo.com.br\/index.php\/wp-json\/wp\/v2\/users\/1"}],"replies":[{"embeddable":true,"href":"https:\/\/ibpteo.com.br\/index.php\/wp-json\/wp\/v2\/comments?post=18"}],"version-history":[{"count":13,"href":"https:\/\/ibpteo.com.br\/index.php\/wp-json\/wp\/v2\/pages\/18\/revisions"}],"predecessor-version":[{"id":496,"href":"https:\/\/ibpteo.com.br\/index.php\/wp-json\/wp\/v2\/pages\/18\/revisions\/496"}],"wp:attachment":[{"href":"https:\/\/ibpteo.com.br\/index.php\/wp-json\/wp\/v2\/media?parent=18"}],"curies":[{"name":"wp","href":"https:\/\/api.w.org\/{rel}","templated":true}]}}